{"id":897,"date":"2022-06-25T07:25:57","date_gmt":"2022-06-25T07:25:57","guid":{"rendered":"https:\/\/wp.dreamitsolution.net\/zomia-multipurpose\/internet\/?page_id=897"},"modified":"2025-09-10T19:46:48","modified_gmt":"2025-09-10T19:46:48","slug":"about-us","status":"publish","type":"page","link":"https:\/\/tonalnet.com\/index.php\/about-us\/","title":{"rendered":"Nosotros"},"content":{"rendered":"\t\t<div data-elementor-type=\"wp-page\" data-elementor-id=\"897\" class=\"elementor elementor-897\">\n\t\t\t\t\t\t<section class=\"elementor-section elementor-top-section elementor-element elementor-element-1d34a29 elementor-section-full_width elementor-section-height-default elementor-section-height-default\" data-id=\"1d34a29\" data-element_type=\"section\" data-e-type=\"section\">\n\t\t\t\t\t\t<div class=\"elementor-container elementor-column-gap-no\">\n\t\t\t\t\t<div class=\"elementor-column elementor-col-100 elementor-top-column elementor-element elementor-element-b52bb87\" data-id=\"b52bb87\" data-element_type=\"column\" data-e-type=\"column\">\n\t\t\t<div class=\"elementor-widget-wrap\">\n\t\t\t\t\t\t\t<\/div>\n\t\t<\/div>\n\t\t\t\t\t<\/div>\n\t\t<\/section>\n\t\t\t\t<section class=\"elementor-section elementor-top-section elementor-element elementor-element-5332fdd elementor-section-boxed elementor-section-height-default elementor-section-height-default\" data-id=\"5332fdd\" data-element_type=\"section\" data-e-type=\"section\">\n\t\t\t\t\t\t<div class=\"elementor-container elementor-column-gap-default\">\n\t\t\t\t\t<div class=\"elementor-column elementor-col-100 elementor-top-column elementor-element elementor-element-5c8377f\" data-id=\"5c8377f\" data-element_type=\"column\" data-e-type=\"column\">\n\t\t\t<div class=\"elementor-widget-wrap elementor-element-populated\">\n\t\t\t\t\t\t<section class=\"elementor-section elementor-inner-section elementor-element elementor-element-339fac7 elementor-section-content-middle elementor-section-boxed elementor-section-height-default elementor-section-height-default\" data-id=\"339fac7\" data-element_type=\"section\" data-e-type=\"section\">\n\t\t\t\t\t\t<div class=\"elementor-container elementor-column-gap-default\">\n\t\t\t\t\t<div class=\"elementor-column elementor-col-50 elementor-inner-column elementor-element elementor-element-7aac4e2\" data-id=\"7aac4e2\" data-element_type=\"column\" data-e-type=\"column\">\n\t\t\t<div class=\"elementor-widget-wrap elementor-element-populated\">\n\t\t\t\t\t\t<div class=\"elementor-element elementor-element-8c73a89 elementor-widget elementor-widget-videobox\" data-id=\"8c73a89\" data-element_type=\"widget\" data-e-type=\"widget\" data-widget_type=\"videobox.default\">\n\t\t\t\t<div class=\"elementor-widget-container\">\n\t\t\t\t\t\r\n\r\n\t\t\t\r\n\t\t\t<div id=\"parallax-video\" class=\"single-video style-one\">\r\n\t\t\t\r\n\t\t\t\t\t\t\t\t<div class=\"em-video-image\">\t\r\n\t\t\t\t\t<img decoding=\"async\" src=\"https:\/\/wp.dreamitsolution.net\/zomia-multipurpose\/internet\/wp-content\/uploads\/2022\/06\/about.png\" alt=\"\" \/>\r\n\t\t\t\t<\/div>\r\n\t\t\t\t\t\t\t\t\t\t\t\t\t\r\n\t\t\t\t\r\n\t\t\t\t<div class=\"choose-video-icon\">\t\r\n\r\n\t\t\t\t\t<div class=\"video-icon\">\r\n\t\t\t\t\t\t\r\n\t\t\t\t\t\t\t\t\t\t\t\t\r\n\t\t\t\t\t\t\t\t\t\t\t\t\r\n\t\t\t\t\t<\/div>\r\n\t\t\t\t\t\r\n\t\t\t\t<\/div>\r\n\t\t\t<\/div>\r\n\r\n\t\t\t\t\r\n\r\n\r\n\r\n\t\t\t\t\t\t<\/div>\n\t\t\t\t<\/div>\n\t\t\t\t\t<\/div>\n\t\t<\/div>\n\t\t\t\t<div class=\"elementor-column elementor-col-50 elementor-inner-column elementor-element elementor-element-e7d6621\" data-id=\"e7d6621\" data-element_type=\"column\" data-e-type=\"column\">\n\t\t\t<div class=\"elementor-widget-wrap elementor-element-populated\">\n\t\t\t\t\t\t<div class=\"elementor-element elementor-element-ea516d3 elementor-widget elementor-widget-sectiontitle\" data-id=\"ea516d3\" data-element_type=\"widget\" data-e-type=\"widget\" data-widget_type=\"sectiontitle.default\">\n\t\t\t\t<div class=\"elementor-widget-container\">\n\t\t\t\t\t\r\n\t\t\t\t<div class=\"\">\r\n\r\n\t\t\t<div class=\"section-title t_left\">\r\n                 \r\n                        <h5>Acerca de Nosotros <span><\/span><\/h5>\r\n                \r\n\t\t\t\t\t\t\t\t\r\n\t\t\t\t \t\t\t\t\r\n\t\t\t\t  \r\n                       <h2>Tonalnet Internet<span><\/span><\/h2>\r\n                \t\t\t\t\r\n                 \r\n                        <p>Somos una empresa mexicana, dedicada a dar soluciones de internet, comprometida con la innovaci\u00f3n y la excelencia en el servicio. Con nuestras tecnolog\u00edas logramos que te mantengas conectado con el mundo.\n<br>\n<br>\nDesde nuestros inicios, en Tonalnet hemos trabajado incansablemente para ofrecer soluciones de internet que se adapten a las necesidades de nuestros clientes. A lo largo de los a\u00f1os, hemos evolucionado y crecido, incorporando nuevas tecnolog\u00edas para asegurar que nuestros servicios sean siempre de vanguardia. Nuestra dedicaci\u00f3n a la innovaci\u00f3n y a la satisfacci\u00f3n del cliente nos ha permitido consolidarnos como un referente en el mercado en todas las zonas que tenemos presencia.<\/p>\r\n                \t\t\t\t\r\n\r\n\t\t\t\t\r\n\t\t\t<\/div>\t\r\n\r\n\t\t<\/div>\r\n\r\n\t\t\r\n\t\t\t\t\t\t<\/div>\n\t\t\t\t<\/div>\n\t\t\t\t<div class=\"elementor-element elementor-element-9a8ead0 elementor-widget elementor-widget-dit-button\" data-id=\"9a8ead0\" data-element_type=\"widget\" data-e-type=\"widget\" data-widget_type=\"dit-button.default\">\n\t\t\t\t<div class=\"elementor-widget-container\">\n\t\t\t\t\t\r\n\t\t\r\n\t\t\t\t<div class=\"dreamit-button-box\">\r\n\t\t\t\t\t\t\t\t\t<\/div>\r\n\r\n\t\t\r\n\t\t\t\t\t<\/div>\n\t\t\t\t<\/div>\n\t\t\t\t\t<\/div>\n\t\t<\/div>\n\t\t\t\t\t<\/div>\n\t\t<\/section>\n\t\t\t\t\t<\/div>\n\t\t<\/div>\n\t\t\t\t\t<\/div>\n\t\t<\/section>\n\t\t\t\t<section class=\"elementor-section elementor-top-section elementor-element elementor-element-6ae7f04 elementor-section-boxed elementor-section-height-default elementor-section-height-default\" data-id=\"6ae7f04\" data-element_type=\"section\" data-e-type=\"section\">\n\t\t\t\t\t\t<div class=\"elementor-container elementor-column-gap-default\">\n\t\t\t\t\t<div class=\"elementor-column elementor-col-100 elementor-top-column elementor-element elementor-element-bf25662\" data-id=\"bf25662\" data-element_type=\"column\" data-e-type=\"column\">\n\t\t\t<div class=\"elementor-widget-wrap\">\n\t\t\t\t\t\t\t<\/div>\n\t\t<\/div>\n\t\t\t\t\t<\/div>\n\t\t<\/section>\n\t\t\t\t<\/div>\n\t\t","protected":false},"excerpt":{"rendered":"<p>Acerca de Nosotros Tonalnet Internet Somos una empresa mexicana, dedicada a dar soluciones de internet, comprometida con la innovaci\u00f3n y la excelencia en el servicio. Con nuestras tecnolog\u00edas logramos que te mantengas conectado con el mundo. Desde nuestros inicios, en Tonalnet hemos trabajado incansablemente para ofrecer soluciones de internet que se adapten a las necesidades [&hellip;]<\/p>\n","protected":false},"author":1,"featured_media":0,"parent":0,"menu_order":0,"comment_status":"closed","ping_status":"closed","template":"page-templates\/template-default.php","meta":{"_monsterinsights_skip_tracking":false,"_monsterinsights_sitenote_active":false,"_monsterinsights_sitenote_note":"","_monsterinsights_sitenote_category":0,"footnotes":""},"class_list":["post-897","page","type-page","status-publish","hentry"],"aioseo_notices":[],"_links":{"self":[{"href":"https:\/\/tonalnet.com\/index.php\/wp-json\/wp\/v2\/pages\/897","targetHints":{"allow":["GET"]}}],"collection":[{"href":"https:\/\/tonalnet.com\/index.php\/wp-json\/wp\/v2\/pages"}],"about":[{"href":"https:\/\/tonalnet.com\/index.php\/wp-json\/wp\/v2\/types\/page"}],"author":[{"embeddable":true,"href":"https:\/\/tonalnet.com\/index.php\/wp-json\/wp\/v2\/users\/1"}],"replies":[{"embeddable":true,"href":"https:\/\/tonalnet.com\/index.php\/wp-json\/wp\/v2\/comments?post=897"}],"version-history":[{"count":8,"href":"https:\/\/tonalnet.com\/index.php\/wp-json\/wp\/v2\/pages\/897\/revisions"}],"predecessor-version":[{"id":2707,"href":"https:\/\/tonalnet.com\/index.php\/wp-json\/wp\/v2\/pages\/897\/revisions\/2707"}],"wp:attachment":[{"href":"https:\/\/tonalnet.com\/index.php\/wp-json\/wp\/v2\/media?parent=897"}],"curies":[{"name":"wp","href":"https:\/\/api.w.org\/{rel}","templated":true}]}}